{"id":1058,"date":"2019-03-10T09:44:46","date_gmt":"2019-03-10T08:44:46","guid":{"rendered":"http:\/\/voksenaasen2019.semway.net\/?page_id=1058"},"modified":"2020-08-31T14:59:53","modified_gmt":"2020-08-31T12:59:53","slug":"cookies","status":"publish","type":"page","link":"https:\/\/voksenaasen.no\/english\/cookies\/","title":{"rendered":"Om v\u00e5r bruk av cookies"},"content":{"rendered":"<p>Cookies (informasjonskapsler) er sm\u00e5 tekst\ufb01ler, som blir lagret p\u00e5 din pc. Cookies brukes til \u00e5 levere en bedre brukeropplevelse p\u00e5 nettside. For eksempel \u00e5 gjenkjenne deg fra tidligere bes\u00f8k, huske innstillinger du har gjort eller samle statistikk om nettsidens bruk. Cookies inneholder kun tekst.<\/p>\n<p>N\u00f8dvendige cookies hjelper til \u00e5 forbedre brukeropplevelsen p\u00e5 nettsiden. De gj\u00f8r det ogs\u00e5 mulig for oss \u00e5 registrere antallet bes\u00f8k vi f\u00e5r p\u00e5 nettsiden samt gir oss annen statistikk om hvordan brukere r\u00f8rer seg p\u00e5 siden. For eksempel hvilke sider du bes\u00f8ker, hvor lenge du er p\u00e5 nettsidene v\u00e5re, samt hvilke felter i ett skjema som skaper utfordringer.<\/p>\n<p>Visse cookies benyttes for eksempel for \u00e5 huske at du er innlogget og andre for at en skal kunne navigere rundt p\u00e5 nettsiden uten \u00e5 m\u00e5tte logge inn p\u00e5 nytt. Disse slettes n\u00e5r du forlater nettstedet eller lukker vinduet.<\/p>\n<p>Form\u00e5let med innsamling og analyse er \u00e5 ska\ufb00e oss innsikt om hvilke tjenester som fungerer bra og hvilke tjenester vi b\u00f8r forbedre. M\u00e5let v\u00e5rt er \u00e5 gi deg en god opplevelse av \u00e5 bruke v\u00e5re nettsider. Vi bruker herunder cookies for \u00e5 gi deg mer relevante annonser.<\/p>\n<h3>Vi bruker f\u00f8lgende cookies:<\/h3>\n<p>\u2022 Facebook pixel gj\u00f8r at vi kan vise relevante annonser n\u00e5r du bes\u00f8ker Facebook etter \u00e5 ha v\u00e6rt p\u00e5 v\u00e5rt nettsted og bidrar til forst\u00e5elsen til hvordan du benytter v\u00e5r nettside sammen med Facebook.<br \/>\n\u2022 Google Analytics samler inn informasjon om ditt atferdsm\u00f8nster p\u00e5 nettsidene v\u00e5re. Med denne informasjonen optimaliserer vi nettsiden og v\u00e5re produkter s\u00e5 du skal f\u00e5 best mulig opplevelser b\u00e5de som bruker og kunde.<br \/>\n\u2022 AppNexus hjelper oss \u00e5 vise relevante annonser p\u00e5 andre nettsteder som VG, Dagbladet, Nettavisen osv.<br \/>\n\u2022 ADARA Analytics samler inn informasjon om ditt atferdsm\u00f8nster p\u00e5 nettsidene v\u00e5re. Med denne informasjonen optimaliserer vi nettsiden og v\u00e5re produkter s\u00e5 du skal f\u00e5 best mulig opplevelser b\u00e5de som bruker og kunde.<br \/>\n\u2022 Sojern hjelper oss \u00e5 vise relevante annonser p\u00e5 andre nettsteder som VG, Dagbladet, Nettavisen osv.<br \/>\n\u2022 Google tag manager er et implementeringsverkt\u00f8y som kan benyttes for de overnevnte scriptene<\/p>\n<p>Du bestemmer selv om du vil tillate lagring av cookies. Fra menyen i din nettleser kan du selv kontrollere hvilke typeinformasjonskapsler\/cookies som blir lagret p\u00e5 din pc. Du kan ogs\u00e5 slette informasjonskapsler fra menyen i nettleseren din. De opprettes igjen neste gang du er inne p\u00e5 v\u00e5rt eller andres nettsted, med mindre du har endret innstillingene dine til ikke \u00e5 tillate dette.<\/p>\n<p>Du kan lese mer om bruk av v\u00e5re Cookies og hva de lagrer i v\u00e5r <a href=\"https:\/\/voksenaasen.no\/engelsk\/personvern\/\">personvernerkl\u00e6ring<\/a>.<\/p>\n<p>[cookies]<\/p>\n","protected":false},"excerpt":{"rendered":"<p>Cookies (informasjonskapsler) er sm\u00e5 tekst\ufb01ler, som blir lagret p\u00e5 din pc. Cookies brukes til \u00e5 levere en bedre brukeropplevelse p\u00e5 nettside. For eksempel \u00e5 gjenkjenne deg fra tidligere bes\u00f8k, huske innstillinger du har gjort eller samle statistikk om nettsidens bruk. Cookies inneholder kun tekst. N\u00f8dvendige cookies hjelper til \u00e5 forbedre brukeropplevelsen p\u00e5 nettsiden. De gj\u00f8r [&hellip;]<\/p>\n","protected":false},"author":5,"featured_media":0,"parent":0,"menu_order":0,"comment_status":"closed","ping_status":"closed","template":"","meta":{"_acf_changed":false,"footnotes":""},"class_list":["post-1058","page","type-page","status-publish","hentry"],"acf":[],"yoast_head":"<!-- This site is optimized with the Yoast SEO plugin v27.0 - https:\/\/yoast.com\/product\/yoast-seo-wordpress\/ -->\n<title>Cookies | Voksen\u00e5sen<\/title>\n<meta name=\"description\" content=\"Vi benytter cookies (informasjonskapsler) p\u00e5 v\u00e5rt nettsted. Her finner du informasjon om hvilke cookies vi bruker og hvilken type data de samler inn.\" \/>\n<meta name=\"robots\" content=\"index, follow, max-snippet:-1, max-image-preview:large, max-video-preview:-1\" \/>\n<link rel=\"canonical\" href=\"https:\/\/voksenaasen.no\/english\/cookies\/\" \/>\n<meta property=\"og:locale\" content=\"en_US\" \/>\n<meta property=\"og:type\" content=\"article\" \/>\n<meta property=\"og:title\" content=\"Cookies | Voksen\u00e5sen\" \/>\n<meta property=\"og:description\" content=\"Vi benytter cookies (informasjonskapsler) p\u00e5 v\u00e5rt nettsted. Her finner du informasjon om hvilke cookies vi bruker og hvilken type data de samler inn.\" \/>\n<meta property=\"og:url\" content=\"https:\/\/voksenaasen.no\/english\/cookies\/\" \/>\n<meta property=\"og:site_name\" content=\"Voksen\u00e5sen - Engelsk\" \/>\n<meta property=\"article:modified_time\" content=\"2020-08-31T12:59:53+00:00\" \/>\n<meta name=\"twitter:card\" content=\"summary_large_image\" \/>\n<meta name=\"twitter:label1\" content=\"Est. reading time\" \/>\n\t<meta name=\"twitter:data1\" content=\"2 minutes\" \/>\n<script type=\"application\/ld+json\" class=\"yoast-schema-graph\">{\"@context\":\"https:\/\/schema.org\",\"@graph\":[{\"@type\":\"WebPage\",\"@id\":\"https:\/\/voksenaasen.no\/english\/cookies\/\",\"url\":\"https:\/\/voksenaasen.no\/english\/cookies\/\",\"name\":\"Cookies | Voksen\u00e5sen\",\"isPartOf\":{\"@id\":\"https:\/\/voksenaasen.no\/english\/#website\"},\"datePublished\":\"2019-03-10T08:44:46+00:00\",\"dateModified\":\"2020-08-31T12:59:53+00:00\",\"description\":\"Vi benytter cookies (informasjonskapsler) p\u00e5 v\u00e5rt nettsted. Her finner du informasjon om hvilke cookies vi bruker og hvilken type data de samler inn.\",\"breadcrumb\":{\"@id\":\"https:\/\/voksenaasen.no\/english\/cookies\/#breadcrumb\"},\"inLanguage\":\"en-US\",\"potentialAction\":[{\"@type\":\"ReadAction\",\"target\":[\"https:\/\/voksenaasen.no\/english\/cookies\/\"]}]},{\"@type\":\"BreadcrumbList\",\"@id\":\"https:\/\/voksenaasen.no\/english\/cookies\/#breadcrumb\",\"itemListElement\":[{\"@type\":\"ListItem\",\"position\":1,\"name\":\"Frontpage\",\"item\":\"https:\/\/voksenaasen.no\/english\/\"},{\"@type\":\"ListItem\",\"position\":2,\"name\":\"Om v\u00e5r bruk av cookies\"}]},{\"@type\":\"WebSite\",\"@id\":\"https:\/\/voksenaasen.no\/english\/#website\",\"url\":\"https:\/\/voksenaasen.no\/english\/\",\"name\":\"Voksen\u00e5sen - Engelsk\",\"description\":\"\",\"publisher\":{\"@id\":\"https:\/\/voksenaasen.no\/english\/#organization\"},\"potentialAction\":[{\"@type\":\"SearchAction\",\"target\":{\"@type\":\"EntryPoint\",\"urlTemplate\":\"https:\/\/voksenaasen.no\/english\/?s={search_term_string}\"},\"query-input\":{\"@type\":\"PropertyValueSpecification\",\"valueRequired\":true,\"valueName\":\"search_term_string\"}}],\"inLanguage\":\"en-US\"},{\"@type\":\"Organization\",\"@id\":\"https:\/\/voksenaasen.no\/english\/#organization\",\"name\":\"Voksen\u00e5sen AS\",\"url\":\"https:\/\/voksenaasen.no\/english\/\",\"logo\":{\"@type\":\"ImageObject\",\"inLanguage\":\"en-US\",\"@id\":\"https:\/\/voksenaasen.no\/english\/#\/schema\/logo\/image\/\",\"url\":\"https:\/\/voksenaasen.no\/english\/wp-content\/uploads\/sites\/5\/2019\/01\/Voksenaasen_liggende_Fjord_RGB.png\",\"contentUrl\":\"https:\/\/voksenaasen.no\/english\/wp-content\/uploads\/sites\/5\/2019\/01\/Voksenaasen_liggende_Fjord_RGB.png\",\"width\":510,\"height\":75,\"caption\":\"Voksen\u00e5sen AS\"},\"image\":{\"@id\":\"https:\/\/voksenaasen.no\/english\/#\/schema\/logo\/image\/\"}}]}<\/script>\n<!-- \/ Yoast SEO plugin. -->","yoast_head_json":{"title":"Cookies | Voksen\u00e5sen","description":"Vi benytter cookies (informasjonskapsler) p\u00e5 v\u00e5rt nettsted. Her finner du informasjon om hvilke cookies vi bruker og hvilken type data de samler inn.","robots":{"index":"index","follow":"follow","max-snippet":"max-snippet:-1","max-image-preview":"max-image-preview:large","max-video-preview":"max-video-preview:-1"},"canonical":"https:\/\/voksenaasen.no\/english\/cookies\/","og_locale":"en_US","og_type":"article","og_title":"Cookies | Voksen\u00e5sen","og_description":"Vi benytter cookies (informasjonskapsler) p\u00e5 v\u00e5rt nettsted. Her finner du informasjon om hvilke cookies vi bruker og hvilken type data de samler inn.","og_url":"https:\/\/voksenaasen.no\/english\/cookies\/","og_site_name":"Voksen\u00e5sen - Engelsk","article_modified_time":"2020-08-31T12:59:53+00:00","twitter_card":"summary_large_image","twitter_misc":{"Est. reading time":"2 minutes"},"schema":{"@context":"https:\/\/schema.org","@graph":[{"@type":"WebPage","@id":"https:\/\/voksenaasen.no\/english\/cookies\/","url":"https:\/\/voksenaasen.no\/english\/cookies\/","name":"Cookies | Voksen\u00e5sen","isPartOf":{"@id":"https:\/\/voksenaasen.no\/english\/#website"},"datePublished":"2019-03-10T08:44:46+00:00","dateModified":"2020-08-31T12:59:53+00:00","description":"Vi benytter cookies (informasjonskapsler) p\u00e5 v\u00e5rt nettsted. Her finner du informasjon om hvilke cookies vi bruker og hvilken type data de samler inn.","breadcrumb":{"@id":"https:\/\/voksenaasen.no\/english\/cookies\/#breadcrumb"},"inLanguage":"en-US","potentialAction":[{"@type":"ReadAction","target":["https:\/\/voksenaasen.no\/english\/cookies\/"]}]},{"@type":"BreadcrumbList","@id":"https:\/\/voksenaasen.no\/english\/cookies\/#breadcrumb","itemListElement":[{"@type":"ListItem","position":1,"name":"Frontpage","item":"https:\/\/voksenaasen.no\/english\/"},{"@type":"ListItem","position":2,"name":"Om v\u00e5r bruk av cookies"}]},{"@type":"WebSite","@id":"https:\/\/voksenaasen.no\/english\/#website","url":"https:\/\/voksenaasen.no\/english\/","name":"Voksen\u00e5sen - Engelsk","description":"","publisher":{"@id":"https:\/\/voksenaasen.no\/english\/#organization"},"potentialAction":[{"@type":"SearchAction","target":{"@type":"EntryPoint","urlTemplate":"https:\/\/voksenaasen.no\/english\/?s={search_term_string}"},"query-input":{"@type":"PropertyValueSpecification","valueRequired":true,"valueName":"search_term_string"}}],"inLanguage":"en-US"},{"@type":"Organization","@id":"https:\/\/voksenaasen.no\/english\/#organization","name":"Voksen\u00e5sen AS","url":"https:\/\/voksenaasen.no\/english\/","logo":{"@type":"ImageObject","inLanguage":"en-US","@id":"https:\/\/voksenaasen.no\/english\/#\/schema\/logo\/image\/","url":"https:\/\/voksenaasen.no\/english\/wp-content\/uploads\/sites\/5\/2019\/01\/Voksenaasen_liggende_Fjord_RGB.png","contentUrl":"https:\/\/voksenaasen.no\/english\/wp-content\/uploads\/sites\/5\/2019\/01\/Voksenaasen_liggende_Fjord_RGB.png","width":510,"height":75,"caption":"Voksen\u00e5sen AS"},"image":{"@id":"https:\/\/voksenaasen.no\/english\/#\/schema\/logo\/image\/"}}]}},"_links":{"self":[{"href":"https:\/\/voksenaasen.no\/english\/wp-json\/wp\/v2\/pages\/1058","targetHints":{"allow":["GET"]}}],"collection":[{"href":"https:\/\/voksenaasen.no\/english\/wp-json\/wp\/v2\/pages"}],"about":[{"href":"https:\/\/voksenaasen.no\/english\/wp-json\/wp\/v2\/types\/page"}],"author":[{"embeddable":true,"href":"https:\/\/voksenaasen.no\/english\/wp-json\/wp\/v2\/users\/5"}],"replies":[{"embeddable":true,"href":"https:\/\/voksenaasen.no\/english\/wp-json\/wp\/v2\/comments?post=1058"}],"version-history":[{"count":5,"href":"https:\/\/voksenaasen.no\/english\/wp-json\/wp\/v2\/pages\/1058\/revisions"}],"predecessor-version":[{"id":2077,"href":"https:\/\/voksenaasen.no\/english\/wp-json\/wp\/v2\/pages\/1058\/revisions\/2077"}],"wp:attachment":[{"href":"https:\/\/voksenaasen.no\/english\/wp-json\/wp\/v2\/media?parent=1058"}],"curies":[{"name":"wp","href":"https:\/\/api.w.org\/{rel}","templated":true}]}}