{"id":3140,"date":"2021-11-18T13:04:05","date_gmt":"2021-11-18T12:04:05","guid":{"rendered":"https:\/\/voksenaasen.no\/engelsk\/?page_id=3140"},"modified":"2022-12-15T12:24:59","modified_gmt":"2022-12-15T11:24:59","slug":"ice-skating","status":"publish","type":"page","link":"https:\/\/voksenaasen.no\/english\/ice-skating\/","title":{"rendered":"Ice skating"},"content":{"rendered":"<h2>Several opportunities for ice skating in the city<\/h2>\n<p>Bogstad winter paradise is an artificial ice rink located on the Bogstad golf course during winter, only 15 minutes by car. This consists of one bandy court and two smaller artificial ice surfaces.<\/p>\n<p>You can also take the trip closer to the center of Oslo and go ice-skating at Frogner Stadium, Spikersuppa in Karl Johan, or at Valle Hovin Stadium, among others. If you do not have your own skates, skate hire is offered at all three rinks.<\/p>\n<img loading=\"lazy\" decoding=\"async\" class=\"alignnone size-full wp-image-3157\" src=\"https:\/\/voksenaasen.no\/engelsk\/wp-content\/uploads\/sites\/5\/2021\/11\/familie-skoyter.jpg\" alt=\"Familie st\u00e5r p\u00e5 sk\u00f8yter\" width=\"2000\" height=\"1333\" srcset=\"https:\/\/voksenaasen.no\/english\/wp-content\/uploads\/sites\/5\/2021\/11\/familie-skoyter.jpg 2000w, https:\/\/voksenaasen.no\/english\/wp-content\/uploads\/sites\/5\/2021\/11\/familie-skoyter-1024x682.jpg 1024w, https:\/\/voksenaasen.no\/english\/wp-content\/uploads\/sites\/5\/2021\/11\/familie-skoyter-768x512.jpg 768w, https:\/\/voksenaasen.no\/english\/wp-content\/uploads\/sites\/5\/2021\/11\/familie-skoyter-1536x1024.jpg 1536w\" sizes=\"auto, (max-width: 2000px) 100vw, 2000px\" \/>\n<h2>Take a trip to Voksen\u00e5sen this winter<\/h2>\n<p>Take advantage of the beautiful winter days and take a trip up to Voksen\u00e5sen\u2019s unique location this winter.\u00a0<a href=\"https:\/\/voksenaasen.no\/english\/stay-with-us\/\">We have rooms<\/a>\u00a0with a unique view over the fjord and close to a multitude of winter activities.<\/p>\n","protected":false},"excerpt":{"rendered":"<p>Several opportunities for ice skating in the city Bogstad winter paradise is an artificial ice rink located on the Bogstad golf course during winter, only 15 minutes by car. This consists of one bandy court and two smaller artificial ice surfaces. You can also take the trip closer to the center of Oslo and go [&hellip;]<\/p>\n","protected":false},"author":5,"featured_media":3154,"parent":0,"menu_order":0,"comment_status":"closed","ping_status":"closed","template":"","meta":{"_acf_changed":false,"footnotes":""},"class_list":["post-3140","page","type-page","status-publish","has-post-thumbnail","hentry"],"acf":[],"yoast_head":"<!-- This site is optimized with the Yoast SEO plugin v27.0 - https:\/\/yoast.com\/product\/yoast-seo-wordpress\/ -->\n<title>Ice skating | Voksen\u00e5sen<\/title>\n<meta name=\"description\" content=\"Only a short distance from Voksen\u00e5sen you will find several ice rinks that give you the opportunity to fly over the ice this winter. Read more here.\" \/>\n<meta name=\"robots\" content=\"index, follow, max-snippet:-1, max-image-preview:large, max-video-preview:-1\" \/>\n<link rel=\"canonical\" href=\"https:\/\/voksenaasen.no\/english\/ice-skating\/\" \/>\n<meta property=\"og:locale\" content=\"en_US\" \/>\n<meta property=\"og:type\" content=\"article\" \/>\n<meta property=\"og:title\" content=\"Ice skating | Voksen\u00e5sen\" \/>\n<meta property=\"og:description\" content=\"Only a short distance from Voksen\u00e5sen you will find several ice rinks that give you the opportunity to fly over the ice this winter. Read more here.\" \/>\n<meta property=\"og:url\" content=\"https:\/\/voksenaasen.no\/english\/ice-skating\/\" \/>\n<meta property=\"og:site_name\" content=\"Voksen\u00e5sen - Engelsk\" \/>\n<meta property=\"article:modified_time\" content=\"2022-12-15T11:24:59+00:00\" \/>\n<meta property=\"og:image\" content=\"https:\/\/voksenaasen.no\/english\/wp-content\/uploads\/sites\/5\/2021\/11\/skoyter.jpg\" \/>\n\t<meta property=\"og:image:width\" content=\"2000\" \/>\n\t<meta property=\"og:image:height\" content=\"1333\" \/>\n\t<meta property=\"og:image:type\" content=\"image\/jpeg\" \/>\n<meta name=\"twitter:card\" content=\"summary_large_image\" \/>\n<meta name=\"twitter:label1\" content=\"Est. reading time\" \/>\n\t<meta name=\"twitter:data1\" content=\"1 minute\" \/>\n<script type=\"application\/ld+json\" class=\"yoast-schema-graph\">{\"@context\":\"https:\/\/schema.org\",\"@graph\":[{\"@type\":\"WebPage\",\"@id\":\"https:\/\/voksenaasen.no\/english\/ice-skating\/\",\"url\":\"https:\/\/voksenaasen.no\/english\/ice-skating\/\",\"name\":\"Ice skating | Voksen\u00e5sen\",\"isPartOf\":{\"@id\":\"https:\/\/voksenaasen.no\/english\/#website\"},\"primaryImageOfPage\":{\"@id\":\"https:\/\/voksenaasen.no\/english\/ice-skating\/#primaryimage\"},\"image\":{\"@id\":\"https:\/\/voksenaasen.no\/english\/ice-skating\/#primaryimage\"},\"thumbnailUrl\":\"https:\/\/voksenaasen.no\/english\/wp-content\/uploads\/sites\/5\/2021\/11\/skoyter.jpg\",\"datePublished\":\"2021-11-18T12:04:05+00:00\",\"dateModified\":\"2022-12-15T11:24:59+00:00\",\"description\":\"Only a short distance from Voksen\u00e5sen you will find several ice rinks that give you the opportunity to fly over the ice this winter. Read more here.\",\"breadcrumb\":{\"@id\":\"https:\/\/voksenaasen.no\/english\/ice-skating\/#breadcrumb\"},\"inLanguage\":\"en-US\",\"potentialAction\":[{\"@type\":\"ReadAction\",\"target\":[\"https:\/\/voksenaasen.no\/english\/ice-skating\/\"]}]},{\"@type\":\"ImageObject\",\"inLanguage\":\"en-US\",\"@id\":\"https:\/\/voksenaasen.no\/english\/ice-skating\/#primaryimage\",\"url\":\"https:\/\/voksenaasen.no\/english\/wp-content\/uploads\/sites\/5\/2021\/11\/skoyter.jpg\",\"contentUrl\":\"https:\/\/voksenaasen.no\/english\/wp-content\/uploads\/sites\/5\/2021\/11\/skoyter.jpg\",\"width\":2000,\"height\":1333,\"caption\":\"Sk\u00f8yter\"},{\"@type\":\"BreadcrumbList\",\"@id\":\"https:\/\/voksenaasen.no\/english\/ice-skating\/#breadcrumb\",\"itemListElement\":[{\"@type\":\"ListItem\",\"position\":1,\"name\":\"Frontpage\",\"item\":\"https:\/\/voksenaasen.no\/english\/\"},{\"@type\":\"ListItem\",\"position\":2,\"name\":\"Ice skating\"}]},{\"@type\":\"WebSite\",\"@id\":\"https:\/\/voksenaasen.no\/english\/#website\",\"url\":\"https:\/\/voksenaasen.no\/english\/\",\"name\":\"Voksen\u00e5sen - Engelsk\",\"description\":\"\",\"publisher\":{\"@id\":\"https:\/\/voksenaasen.no\/english\/#organization\"},\"potentialAction\":[{\"@type\":\"SearchAction\",\"target\":{\"@type\":\"EntryPoint\",\"urlTemplate\":\"https:\/\/voksenaasen.no\/english\/?s={search_term_string}\"},\"query-input\":{\"@type\":\"PropertyValueSpecification\",\"valueRequired\":true,\"valueName\":\"search_term_string\"}}],\"inLanguage\":\"en-US\"},{\"@type\":\"Organization\",\"@id\":\"https:\/\/voksenaasen.no\/english\/#organization\",\"name\":\"Voksen\u00e5sen AS\",\"url\":\"https:\/\/voksenaasen.no\/english\/\",\"logo\":{\"@type\":\"ImageObject\",\"inLanguage\":\"en-US\",\"@id\":\"https:\/\/voksenaasen.no\/english\/#\/schema\/logo\/image\/\",\"url\":\"https:\/\/voksenaasen.no\/english\/wp-content\/uploads\/sites\/5\/2019\/01\/Voksenaasen_liggende_Fjord_RGB.png\",\"contentUrl\":\"https:\/\/voksenaasen.no\/english\/wp-content\/uploads\/sites\/5\/2019\/01\/Voksenaasen_liggende_Fjord_RGB.png\",\"width\":510,\"height\":75,\"caption\":\"Voksen\u00e5sen AS\"},\"image\":{\"@id\":\"https:\/\/voksenaasen.no\/english\/#\/schema\/logo\/image\/\"}}]}<\/script>\n<!-- \/ Yoast SEO plugin. -->","yoast_head_json":{"title":"Ice skating | Voksen\u00e5sen","description":"Only a short distance from Voksen\u00e5sen you will find several ice rinks that give you the opportunity to fly over the ice this winter. Read more here.","robots":{"index":"index","follow":"follow","max-snippet":"max-snippet:-1","max-image-preview":"max-image-preview:large","max-video-preview":"max-video-preview:-1"},"canonical":"https:\/\/voksenaasen.no\/english\/ice-skating\/","og_locale":"en_US","og_type":"article","og_title":"Ice skating | Voksen\u00e5sen","og_description":"Only a short distance from Voksen\u00e5sen you will find several ice rinks that give you the opportunity to fly over the ice this winter. Read more here.","og_url":"https:\/\/voksenaasen.no\/english\/ice-skating\/","og_site_name":"Voksen\u00e5sen - Engelsk","article_modified_time":"2022-12-15T11:24:59+00:00","og_image":[{"width":2000,"height":1333,"url":"https:\/\/voksenaasen.no\/english\/wp-content\/uploads\/sites\/5\/2021\/11\/skoyter.jpg","type":"image\/jpeg"}],"twitter_card":"summary_large_image","twitter_misc":{"Est. reading time":"1 minute"},"schema":{"@context":"https:\/\/schema.org","@graph":[{"@type":"WebPage","@id":"https:\/\/voksenaasen.no\/english\/ice-skating\/","url":"https:\/\/voksenaasen.no\/english\/ice-skating\/","name":"Ice skating | Voksen\u00e5sen","isPartOf":{"@id":"https:\/\/voksenaasen.no\/english\/#website"},"primaryImageOfPage":{"@id":"https:\/\/voksenaasen.no\/english\/ice-skating\/#primaryimage"},"image":{"@id":"https:\/\/voksenaasen.no\/english\/ice-skating\/#primaryimage"},"thumbnailUrl":"https:\/\/voksenaasen.no\/english\/wp-content\/uploads\/sites\/5\/2021\/11\/skoyter.jpg","datePublished":"2021-11-18T12:04:05+00:00","dateModified":"2022-12-15T11:24:59+00:00","description":"Only a short distance from Voksen\u00e5sen you will find several ice rinks that give you the opportunity to fly over the ice this winter. Read more here.","breadcrumb":{"@id":"https:\/\/voksenaasen.no\/english\/ice-skating\/#breadcrumb"},"inLanguage":"en-US","potentialAction":[{"@type":"ReadAction","target":["https:\/\/voksenaasen.no\/english\/ice-skating\/"]}]},{"@type":"ImageObject","inLanguage":"en-US","@id":"https:\/\/voksenaasen.no\/english\/ice-skating\/#primaryimage","url":"https:\/\/voksenaasen.no\/english\/wp-content\/uploads\/sites\/5\/2021\/11\/skoyter.jpg","contentUrl":"https:\/\/voksenaasen.no\/english\/wp-content\/uploads\/sites\/5\/2021\/11\/skoyter.jpg","width":2000,"height":1333,"caption":"Sk\u00f8yter"},{"@type":"BreadcrumbList","@id":"https:\/\/voksenaasen.no\/english\/ice-skating\/#breadcrumb","itemListElement":[{"@type":"ListItem","position":1,"name":"Frontpage","item":"https:\/\/voksenaasen.no\/english\/"},{"@type":"ListItem","position":2,"name":"Ice skating"}]},{"@type":"WebSite","@id":"https:\/\/voksenaasen.no\/english\/#website","url":"https:\/\/voksenaasen.no\/english\/","name":"Voksen\u00e5sen - Engelsk","description":"","publisher":{"@id":"https:\/\/voksenaasen.no\/english\/#organization"},"potentialAction":[{"@type":"SearchAction","target":{"@type":"EntryPoint","urlTemplate":"https:\/\/voksenaasen.no\/english\/?s={search_term_string}"},"query-input":{"@type":"PropertyValueSpecification","valueRequired":true,"valueName":"search_term_string"}}],"inLanguage":"en-US"},{"@type":"Organization","@id":"https:\/\/voksenaasen.no\/english\/#organization","name":"Voksen\u00e5sen AS","url":"https:\/\/voksenaasen.no\/english\/","logo":{"@type":"ImageObject","inLanguage":"en-US","@id":"https:\/\/voksenaasen.no\/english\/#\/schema\/logo\/image\/","url":"https:\/\/voksenaasen.no\/english\/wp-content\/uploads\/sites\/5\/2019\/01\/Voksenaasen_liggende_Fjord_RGB.png","contentUrl":"https:\/\/voksenaasen.no\/english\/wp-content\/uploads\/sites\/5\/2019\/01\/Voksenaasen_liggende_Fjord_RGB.png","width":510,"height":75,"caption":"Voksen\u00e5sen AS"},"image":{"@id":"https:\/\/voksenaasen.no\/english\/#\/schema\/logo\/image\/"}}]}},"_links":{"self":[{"href":"https:\/\/voksenaasen.no\/english\/wp-json\/wp\/v2\/pages\/3140","targetHints":{"allow":["GET"]}}],"collection":[{"href":"https:\/\/voksenaasen.no\/english\/wp-json\/wp\/v2\/pages"}],"about":[{"href":"https:\/\/voksenaasen.no\/english\/wp-json\/wp\/v2\/types\/page"}],"author":[{"embeddable":true,"href":"https:\/\/voksenaasen.no\/english\/wp-json\/wp\/v2\/users\/5"}],"replies":[{"embeddable":true,"href":"https:\/\/voksenaasen.no\/english\/wp-json\/wp\/v2\/comments?post=3140"}],"version-history":[{"count":11,"href":"https:\/\/voksenaasen.no\/english\/wp-json\/wp\/v2\/pages\/3140\/revisions"}],"predecessor-version":[{"id":3723,"href":"https:\/\/voksenaasen.no\/english\/wp-json\/wp\/v2\/pages\/3140\/revisions\/3723"}],"wp:featuredmedia":[{"embeddable":true,"href":"https:\/\/voksenaasen.no\/english\/wp-json\/wp\/v2\/media\/3154"}],"wp:attachment":[{"href":"https:\/\/voksenaasen.no\/english\/wp-json\/wp\/v2\/media?parent=3140"}],"curies":[{"name":"wp","href":"https:\/\/api.w.org\/{rel}","templated":true}]}}