{"id":3777,"date":"2023-09-12T13:36:01","date_gmt":"2023-09-12T11:36:01","guid":{"rendered":"https:\/\/voksenaasen.no\/english\/?page_id=3777"},"modified":"2025-06-17T09:49:28","modified_gmt":"2025-06-17T07:49:28","slug":"about-voksenasen","status":"publish","type":"page","link":"https:\/\/voksenaasen.no\/english\/about-voksenasen\/","title":{"rendered":"About Voksen\u00e5sen"},"content":{"rendered":"<p>Voksen\u00e5sen is Norway&#8217;s national gift to Sweden as an expression of gratitude for its support during World War II. Today it houses a cultural center and a hotel with unique facilities for interpersonal encounters, business meetings and celebrations. Voksen\u00e5sen AS is owned by the Swedish State through the Ministry of Culture. The property is owned and managed by the National Property Board (SFV). The Public Art Agency Sweden is responsible for the art collection at Voksen\u00e5sen.<\/p>\n<p>The management consists of: Maria af Klinteberg Herresthal, CEO, Silje J\u00f8rgensen, general manager &#8211; hotel and Anna Flor\u00e9n, program director. The board is appointed by the Swedish government and consists of chairman Beatrice Ask and board members Lisa Cooper, Johanna Danielsson, Espen Daae, Anna Sj\u00f6str\u00f6m Douagi, Jan Gulliksen, Niels Righolt and Knut Storberget.<\/p>\n","protected":false},"excerpt":{"rendered":"<p>Voksen\u00e5sen is Norway&#8217;s national gift to Sweden as an expression of gratitude for its support during World War II. Today it houses a cultural center and a hotel with unique facilities for interpersonal encounters, business meetings and celebrations. Voksen\u00e5sen AS is owned by the Swedish State through the Ministry of Culture. The property is owned [&hellip;]<\/p>\n","protected":false},"author":11,"featured_media":3773,"parent":0,"menu_order":0,"comment_status":"closed","ping_status":"closed","template":"","meta":{"_acf_changed":false,"footnotes":""},"class_list":["post-3777","page","type-page","status-publish","has-post-thumbnail","hentry"],"acf":[],"yoast_head":"<!-- This site is optimized with the Yoast SEO plugin v27.0 - https:\/\/yoast.com\/product\/yoast-seo-wordpress\/ -->\n<title>About Voksen\u00e5sen - Voksen\u00e5sen - Engelsk<\/title>\n<meta name=\"robots\" content=\"index, follow, max-snippet:-1, max-image-preview:large, max-video-preview:-1\" \/>\n<link rel=\"canonical\" href=\"https:\/\/voksenaasen.no\/english\/about-voksenasen\/\" \/>\n<meta property=\"og:locale\" content=\"en_US\" \/>\n<meta property=\"og:type\" content=\"article\" \/>\n<meta property=\"og:title\" content=\"About Voksen\u00e5sen - Voksen\u00e5sen - Engelsk\" \/>\n<meta property=\"og:description\" content=\"Voksen\u00e5sen is Norway&#8217;s national gift to Sweden as an expression of gratitude for its support during World War II. Today it houses a cultural center and a hotel with unique facilities for interpersonal encounters, business meetings and celebrations. Voksen\u00e5sen AS is owned by the Swedish State through the Ministry of Culture. The property is owned [&hellip;]\" \/>\n<meta property=\"og:url\" content=\"https:\/\/voksenaasen.no\/english\/about-voksenasen\/\" \/>\n<meta property=\"og:site_name\" content=\"Voksen\u00e5sen - Engelsk\" \/>\n<meta property=\"article:modified_time\" content=\"2025-06-17T07:49:28+00:00\" \/>\n<meta property=\"og:image\" content=\"https:\/\/voksenaasen.no\/english\/wp-content\/uploads\/sites\/5\/2023\/09\/IMG_4397-scaled-e1694515644909.jpg\" \/>\n\t<meta property=\"og:image:width\" content=\"1920\" \/>\n\t<meta property=\"og:image:height\" content=\"1280\" \/>\n\t<meta property=\"og:image:type\" content=\"image\/jpeg\" \/>\n<meta name=\"twitter:card\" content=\"summary_large_image\" \/>\n<meta name=\"twitter:label1\" content=\"Est. reading time\" \/>\n\t<meta name=\"twitter:data1\" content=\"1 minute\" \/>\n<script type=\"application\/ld+json\" class=\"yoast-schema-graph\">{\"@context\":\"https:\/\/schema.org\",\"@graph\":[{\"@type\":\"WebPage\",\"@id\":\"https:\/\/voksenaasen.no\/english\/about-voksenasen\/\",\"url\":\"https:\/\/voksenaasen.no\/english\/about-voksenasen\/\",\"name\":\"About Voksen\u00e5sen - Voksen\u00e5sen - Engelsk\",\"isPartOf\":{\"@id\":\"https:\/\/voksenaasen.no\/english\/#website\"},\"primaryImageOfPage\":{\"@id\":\"https:\/\/voksenaasen.no\/english\/about-voksenasen\/#primaryimage\"},\"image\":{\"@id\":\"https:\/\/voksenaasen.no\/english\/about-voksenasen\/#primaryimage\"},\"thumbnailUrl\":\"https:\/\/voksenaasen.no\/english\/wp-content\/uploads\/sites\/5\/2023\/09\/IMG_4397-scaled-e1694515644909.jpg\",\"datePublished\":\"2023-09-12T11:36:01+00:00\",\"dateModified\":\"2025-06-17T07:49:28+00:00\",\"breadcrumb\":{\"@id\":\"https:\/\/voksenaasen.no\/english\/about-voksenasen\/#breadcrumb\"},\"inLanguage\":\"en-US\",\"potentialAction\":[{\"@type\":\"ReadAction\",\"target\":[\"https:\/\/voksenaasen.no\/english\/about-voksenasen\/\"]}]},{\"@type\":\"ImageObject\",\"inLanguage\":\"en-US\",\"@id\":\"https:\/\/voksenaasen.no\/english\/about-voksenasen\/#primaryimage\",\"url\":\"https:\/\/voksenaasen.no\/english\/wp-content\/uploads\/sites\/5\/2023\/09\/IMG_4397-scaled-e1694515644909.jpg\",\"contentUrl\":\"https:\/\/voksenaasen.no\/english\/wp-content\/uploads\/sites\/5\/2023\/09\/IMG_4397-scaled-e1694515644909.jpg\",\"width\":1920,\"height\":1280},{\"@type\":\"BreadcrumbList\",\"@id\":\"https:\/\/voksenaasen.no\/english\/about-voksenasen\/#breadcrumb\",\"itemListElement\":[{\"@type\":\"ListItem\",\"position\":1,\"name\":\"Frontpage\",\"item\":\"https:\/\/voksenaasen.no\/english\/\"},{\"@type\":\"ListItem\",\"position\":2,\"name\":\"About Voksen\u00e5sen\"}]},{\"@type\":\"WebSite\",\"@id\":\"https:\/\/voksenaasen.no\/english\/#website\",\"url\":\"https:\/\/voksenaasen.no\/english\/\",\"name\":\"Voksen\u00e5sen - Engelsk\",\"description\":\"\",\"publisher\":{\"@id\":\"https:\/\/voksenaasen.no\/english\/#organization\"},\"potentialAction\":[{\"@type\":\"SearchAction\",\"target\":{\"@type\":\"EntryPoint\",\"urlTemplate\":\"https:\/\/voksenaasen.no\/english\/?s={search_term_string}\"},\"query-input\":{\"@type\":\"PropertyValueSpecification\",\"valueRequired\":true,\"valueName\":\"search_term_string\"}}],\"inLanguage\":\"en-US\"},{\"@type\":\"Organization\",\"@id\":\"https:\/\/voksenaasen.no\/english\/#organization\",\"name\":\"Voksen\u00e5sen AS\",\"url\":\"https:\/\/voksenaasen.no\/english\/\",\"logo\":{\"@type\":\"ImageObject\",\"inLanguage\":\"en-US\",\"@id\":\"https:\/\/voksenaasen.no\/english\/#\/schema\/logo\/image\/\",\"url\":\"https:\/\/voksenaasen.no\/english\/wp-content\/uploads\/sites\/5\/2019\/01\/Voksenaasen_liggende_Fjord_RGB.png\",\"contentUrl\":\"https:\/\/voksenaasen.no\/english\/wp-content\/uploads\/sites\/5\/2019\/01\/Voksenaasen_liggende_Fjord_RGB.png\",\"width\":510,\"height\":75,\"caption\":\"Voksen\u00e5sen AS\"},\"image\":{\"@id\":\"https:\/\/voksenaasen.no\/english\/#\/schema\/logo\/image\/\"}}]}<\/script>\n<!-- \/ Yoast SEO plugin. -->","yoast_head_json":{"title":"About Voksen\u00e5sen - Voksen\u00e5sen - Engelsk","robots":{"index":"index","follow":"follow","max-snippet":"max-snippet:-1","max-image-preview":"max-image-preview:large","max-video-preview":"max-video-preview:-1"},"canonical":"https:\/\/voksenaasen.no\/english\/about-voksenasen\/","og_locale":"en_US","og_type":"article","og_title":"About Voksen\u00e5sen - Voksen\u00e5sen - Engelsk","og_description":"Voksen\u00e5sen is Norway&#8217;s national gift to Sweden as an expression of gratitude for its support during World War II. Today it houses a cultural center and a hotel with unique facilities for interpersonal encounters, business meetings and celebrations. Voksen\u00e5sen AS is owned by the Swedish State through the Ministry of Culture. The property is owned [&hellip;]","og_url":"https:\/\/voksenaasen.no\/english\/about-voksenasen\/","og_site_name":"Voksen\u00e5sen - Engelsk","article_modified_time":"2025-06-17T07:49:28+00:00","og_image":[{"width":1920,"height":1280,"url":"https:\/\/voksenaasen.no\/english\/wp-content\/uploads\/sites\/5\/2023\/09\/IMG_4397-scaled-e1694515644909.jpg","type":"image\/jpeg"}],"twitter_card":"summary_large_image","twitter_misc":{"Est. reading time":"1 minute"},"schema":{"@context":"https:\/\/schema.org","@graph":[{"@type":"WebPage","@id":"https:\/\/voksenaasen.no\/english\/about-voksenasen\/","url":"https:\/\/voksenaasen.no\/english\/about-voksenasen\/","name":"About Voksen\u00e5sen - Voksen\u00e5sen - Engelsk","isPartOf":{"@id":"https:\/\/voksenaasen.no\/english\/#website"},"primaryImageOfPage":{"@id":"https:\/\/voksenaasen.no\/english\/about-voksenasen\/#primaryimage"},"image":{"@id":"https:\/\/voksenaasen.no\/english\/about-voksenasen\/#primaryimage"},"thumbnailUrl":"https:\/\/voksenaasen.no\/english\/wp-content\/uploads\/sites\/5\/2023\/09\/IMG_4397-scaled-e1694515644909.jpg","datePublished":"2023-09-12T11:36:01+00:00","dateModified":"2025-06-17T07:49:28+00:00","breadcrumb":{"@id":"https:\/\/voksenaasen.no\/english\/about-voksenasen\/#breadcrumb"},"inLanguage":"en-US","potentialAction":[{"@type":"ReadAction","target":["https:\/\/voksenaasen.no\/english\/about-voksenasen\/"]}]},{"@type":"ImageObject","inLanguage":"en-US","@id":"https:\/\/voksenaasen.no\/english\/about-voksenasen\/#primaryimage","url":"https:\/\/voksenaasen.no\/english\/wp-content\/uploads\/sites\/5\/2023\/09\/IMG_4397-scaled-e1694515644909.jpg","contentUrl":"https:\/\/voksenaasen.no\/english\/wp-content\/uploads\/sites\/5\/2023\/09\/IMG_4397-scaled-e1694515644909.jpg","width":1920,"height":1280},{"@type":"BreadcrumbList","@id":"https:\/\/voksenaasen.no\/english\/about-voksenasen\/#breadcrumb","itemListElement":[{"@type":"ListItem","position":1,"name":"Frontpage","item":"https:\/\/voksenaasen.no\/english\/"},{"@type":"ListItem","position":2,"name":"About Voksen\u00e5sen"}]},{"@type":"WebSite","@id":"https:\/\/voksenaasen.no\/english\/#website","url":"https:\/\/voksenaasen.no\/english\/","name":"Voksen\u00e5sen - Engelsk","description":"","publisher":{"@id":"https:\/\/voksenaasen.no\/english\/#organization"},"potentialAction":[{"@type":"SearchAction","target":{"@type":"EntryPoint","urlTemplate":"https:\/\/voksenaasen.no\/english\/?s={search_term_string}"},"query-input":{"@type":"PropertyValueSpecification","valueRequired":true,"valueName":"search_term_string"}}],"inLanguage":"en-US"},{"@type":"Organization","@id":"https:\/\/voksenaasen.no\/english\/#organization","name":"Voksen\u00e5sen AS","url":"https:\/\/voksenaasen.no\/english\/","logo":{"@type":"ImageObject","inLanguage":"en-US","@id":"https:\/\/voksenaasen.no\/english\/#\/schema\/logo\/image\/","url":"https:\/\/voksenaasen.no\/english\/wp-content\/uploads\/sites\/5\/2019\/01\/Voksenaasen_liggende_Fjord_RGB.png","contentUrl":"https:\/\/voksenaasen.no\/english\/wp-content\/uploads\/sites\/5\/2019\/01\/Voksenaasen_liggende_Fjord_RGB.png","width":510,"height":75,"caption":"Voksen\u00e5sen AS"},"image":{"@id":"https:\/\/voksenaasen.no\/english\/#\/schema\/logo\/image\/"}}]}},"_links":{"self":[{"href":"https:\/\/voksenaasen.no\/english\/wp-json\/wp\/v2\/pages\/3777","targetHints":{"allow":["GET"]}}],"collection":[{"href":"https:\/\/voksenaasen.no\/english\/wp-json\/wp\/v2\/pages"}],"about":[{"href":"https:\/\/voksenaasen.no\/english\/wp-json\/wp\/v2\/types\/page"}],"author":[{"embeddable":true,"href":"https:\/\/voksenaasen.no\/english\/wp-json\/wp\/v2\/users\/11"}],"replies":[{"embeddable":true,"href":"https:\/\/voksenaasen.no\/english\/wp-json\/wp\/v2\/comments?post=3777"}],"version-history":[{"count":3,"href":"https:\/\/voksenaasen.no\/english\/wp-json\/wp\/v2\/pages\/3777\/revisions"}],"predecessor-version":[{"id":3801,"href":"https:\/\/voksenaasen.no\/english\/wp-json\/wp\/v2\/pages\/3777\/revisions\/3801"}],"wp:featuredmedia":[{"embeddable":true,"href":"https:\/\/voksenaasen.no\/english\/wp-json\/wp\/v2\/media\/3773"}],"wp:attachment":[{"href":"https:\/\/voksenaasen.no\/english\/wp-json\/wp\/v2\/media?parent=3777"}],"curies":[{"name":"wp","href":"https:\/\/api.w.org\/{rel}","templated":true}]}}