{"id":48,"date":"2019-01-27T12:41:19","date_gmt":"2019-01-27T11:41:19","guid":{"rendered":"http:\/\/127.0.0.1\/?page_id=48"},"modified":"2025-05-06T09:25:31","modified_gmt":"2025-05-06T07:25:31","slug":"forside","status":"publish","type":"page","link":"https:\/\/voksenaasen.no\/english\/","title":{"rendered":"Front page"},"content":{"rendered":"","protected":false},"excerpt":{"rendered":"","protected":false},"author":1,"featured_media":3798,"parent":0,"menu_order":0,"comment_status":"closed","ping_status":"closed","template":"","meta":{"_acf_changed":false,"footnotes":""},"class_list":["post-48","page","type-page","status-publish","has-post-thumbnail","hentry"],"acf":[],"yoast_head":"<!-- This site is optimized with the Yoast SEO plugin v27.0 - https:\/\/yoast.com\/product\/yoast-seo-wordpress\/ -->\n<title>Voksen\u00e5sen hotel | The national endowment<\/title>\n<meta name=\"description\" content=\"Voksen\u00e5sen are Norways national endowment to Sweeden. Today the hotel is operated as a conference hotel and center for Norwegian-Swedish cooperation.\" \/>\n<meta name=\"robots\" content=\"index, follow, max-snippet:-1, max-image-preview:large, max-video-preview:-1\" \/>\n<link rel=\"canonical\" href=\"https:\/\/voksenaasen.no\/english\/\" \/>\n<meta property=\"og:locale\" content=\"en_US\" \/>\n<meta property=\"og:type\" content=\"article\" \/>\n<meta property=\"og:title\" content=\"Voksen\u00e5sen konferansehotell | Nasjonalgaven Voksen\u00e5sen\" \/>\n<meta property=\"og:description\" content=\"Voksen\u00e5sen er Norges nasjonalgave til Sverige. Det drives i dag som et konferansehotell og senter for norsk-svensk samarbeid.\" \/>\n<meta property=\"og:url\" content=\"https:\/\/voksenaasen.no\/english\/\" \/>\n<meta property=\"og:site_name\" content=\"Voksen\u00e5sen - Engelsk\" \/>\n<meta property=\"article:modified_time\" content=\"2025-05-06T07:25:31+00:00\" \/>\n<meta property=\"og:image\" content=\"https:\/\/voksenaasen.no\/english\/wp-content\/uploads\/sites\/5\/2025\/05\/EAL4754-1024x681.jpg\" \/>\n\t<meta property=\"og:image:width\" content=\"1024\" \/>\n\t<meta property=\"og:image:height\" content=\"681\" \/>\n\t<meta property=\"og:image:type\" content=\"image\/jpeg\" \/>\n<meta name=\"twitter:card\" content=\"summary_large_image\" \/>\n<meta name=\"twitter:label1\" content=\"Est. reading time\" \/>\n\t<meta name=\"twitter:data1\" content=\"1 minute\" \/>\n<script type=\"application\/ld+json\" class=\"yoast-schema-graph\">{\"@context\":\"https:\/\/schema.org\",\"@graph\":[{\"@type\":\"WebPage\",\"@id\":\"https:\/\/voksenaasen.no\/english\/\",\"url\":\"https:\/\/voksenaasen.no\/english\/\",\"name\":\"Voksen\u00e5sen hotel | The national endowment\",\"isPartOf\":{\"@id\":\"https:\/\/voksenaasen.no\/english\/#website\"},\"primaryImageOfPage\":{\"@id\":\"https:\/\/voksenaasen.no\/english\/#primaryimage\"},\"image\":{\"@id\":\"https:\/\/voksenaasen.no\/english\/#primaryimage\"},\"thumbnailUrl\":\"https:\/\/voksenaasen.no\/english\/wp-content\/uploads\/sites\/5\/2025\/05\/EAL4754.jpg\",\"datePublished\":\"2019-01-27T11:41:19+00:00\",\"dateModified\":\"2025-05-06T07:25:31+00:00\",\"description\":\"Voksen\u00e5sen are Norways national endowment to Sweeden. Today the hotel is operated as a conference hotel and center for Norwegian-Swedish cooperation.\",\"breadcrumb\":{\"@id\":\"https:\/\/voksenaasen.no\/english\/#breadcrumb\"},\"inLanguage\":\"en-US\",\"potentialAction\":[{\"@type\":\"ReadAction\",\"target\":[\"https:\/\/voksenaasen.no\/english\/\"]}]},{\"@type\":\"ImageObject\",\"inLanguage\":\"en-US\",\"@id\":\"https:\/\/voksenaasen.no\/english\/#primaryimage\",\"url\":\"https:\/\/voksenaasen.no\/english\/wp-content\/uploads\/sites\/5\/2025\/05\/EAL4754.jpg\",\"contentUrl\":\"https:\/\/voksenaasen.no\/english\/wp-content\/uploads\/sites\/5\/2025\/05\/EAL4754.jpg\",\"width\":1940,\"height\":1291},{\"@type\":\"BreadcrumbList\",\"@id\":\"https:\/\/voksenaasen.no\/english\/#breadcrumb\",\"itemListElement\":[{\"@type\":\"ListItem\",\"position\":1,\"name\":\"Frontpage\",\"item\":\"https:\/\/voksenaasen.no\/english\/\"},{\"@type\":\"ListItem\",\"position\":2,\"name\":\"Front page\"}]},{\"@type\":\"WebSite\",\"@id\":\"https:\/\/voksenaasen.no\/english\/#website\",\"url\":\"https:\/\/voksenaasen.no\/english\/\",\"name\":\"Voksen\u00e5sen - Engelsk\",\"description\":\"\",\"publisher\":{\"@id\":\"https:\/\/voksenaasen.no\/english\/#organization\"},\"potentialAction\":[{\"@type\":\"SearchAction\",\"target\":{\"@type\":\"EntryPoint\",\"urlTemplate\":\"https:\/\/voksenaasen.no\/english\/?s={search_term_string}\"},\"query-input\":{\"@type\":\"PropertyValueSpecification\",\"valueRequired\":true,\"valueName\":\"search_term_string\"}}],\"inLanguage\":\"en-US\"},{\"@type\":\"Organization\",\"@id\":\"https:\/\/voksenaasen.no\/english\/#organization\",\"name\":\"Voksen\u00e5sen AS\",\"url\":\"https:\/\/voksenaasen.no\/english\/\",\"logo\":{\"@type\":\"ImageObject\",\"inLanguage\":\"en-US\",\"@id\":\"https:\/\/voksenaasen.no\/english\/#\/schema\/logo\/image\/\",\"url\":\"https:\/\/voksenaasen.no\/english\/wp-content\/uploads\/sites\/5\/2019\/01\/Voksenaasen_liggende_Fjord_RGB.png\",\"contentUrl\":\"https:\/\/voksenaasen.no\/english\/wp-content\/uploads\/sites\/5\/2019\/01\/Voksenaasen_liggende_Fjord_RGB.png\",\"width\":510,\"height\":75,\"caption\":\"Voksen\u00e5sen AS\"},\"image\":{\"@id\":\"https:\/\/voksenaasen.no\/english\/#\/schema\/logo\/image\/\"}}]}<\/script>\n<!-- \/ Yoast SEO plugin. -->","yoast_head_json":{"title":"Voksen\u00e5sen hotel | The national endowment","description":"Voksen\u00e5sen are Norways national endowment to Sweeden. Today the hotel is operated as a conference hotel and center for Norwegian-Swedish cooperation.","robots":{"index":"index","follow":"follow","max-snippet":"max-snippet:-1","max-image-preview":"max-image-preview:large","max-video-preview":"max-video-preview:-1"},"canonical":"https:\/\/voksenaasen.no\/english\/","og_locale":"en_US","og_type":"article","og_title":"Voksen\u00e5sen konferansehotell | Nasjonalgaven Voksen\u00e5sen","og_description":"Voksen\u00e5sen er Norges nasjonalgave til Sverige. Det drives i dag som et konferansehotell og senter for norsk-svensk samarbeid.","og_url":"https:\/\/voksenaasen.no\/english\/","og_site_name":"Voksen\u00e5sen - Engelsk","article_modified_time":"2025-05-06T07:25:31+00:00","og_image":[{"width":1024,"height":681,"url":"https:\/\/voksenaasen.no\/english\/wp-content\/uploads\/sites\/5\/2025\/05\/EAL4754-1024x681.jpg","type":"image\/jpeg"}],"twitter_card":"summary_large_image","twitter_misc":{"Est. reading time":"1 minute"},"schema":{"@context":"https:\/\/schema.org","@graph":[{"@type":"WebPage","@id":"https:\/\/voksenaasen.no\/english\/","url":"https:\/\/voksenaasen.no\/english\/","name":"Voksen\u00e5sen hotel | The national endowment","isPartOf":{"@id":"https:\/\/voksenaasen.no\/english\/#website"},"primaryImageOfPage":{"@id":"https:\/\/voksenaasen.no\/english\/#primaryimage"},"image":{"@id":"https:\/\/voksenaasen.no\/english\/#primaryimage"},"thumbnailUrl":"https:\/\/voksenaasen.no\/english\/wp-content\/uploads\/sites\/5\/2025\/05\/EAL4754.jpg","datePublished":"2019-01-27T11:41:19+00:00","dateModified":"2025-05-06T07:25:31+00:00","description":"Voksen\u00e5sen are Norways national endowment to Sweeden. Today the hotel is operated as a conference hotel and center for Norwegian-Swedish cooperation.","breadcrumb":{"@id":"https:\/\/voksenaasen.no\/english\/#breadcrumb"},"inLanguage":"en-US","potentialAction":[{"@type":"ReadAction","target":["https:\/\/voksenaasen.no\/english\/"]}]},{"@type":"ImageObject","inLanguage":"en-US","@id":"https:\/\/voksenaasen.no\/english\/#primaryimage","url":"https:\/\/voksenaasen.no\/english\/wp-content\/uploads\/sites\/5\/2025\/05\/EAL4754.jpg","contentUrl":"https:\/\/voksenaasen.no\/english\/wp-content\/uploads\/sites\/5\/2025\/05\/EAL4754.jpg","width":1940,"height":1291},{"@type":"BreadcrumbList","@id":"https:\/\/voksenaasen.no\/english\/#breadcrumb","itemListElement":[{"@type":"ListItem","position":1,"name":"Frontpage","item":"https:\/\/voksenaasen.no\/english\/"},{"@type":"ListItem","position":2,"name":"Front page"}]},{"@type":"WebSite","@id":"https:\/\/voksenaasen.no\/english\/#website","url":"https:\/\/voksenaasen.no\/english\/","name":"Voksen\u00e5sen - Engelsk","description":"","publisher":{"@id":"https:\/\/voksenaasen.no\/english\/#organization"},"potentialAction":[{"@type":"SearchAction","target":{"@type":"EntryPoint","urlTemplate":"https:\/\/voksenaasen.no\/english\/?s={search_term_string}"},"query-input":{"@type":"PropertyValueSpecification","valueRequired":true,"valueName":"search_term_string"}}],"inLanguage":"en-US"},{"@type":"Organization","@id":"https:\/\/voksenaasen.no\/english\/#organization","name":"Voksen\u00e5sen AS","url":"https:\/\/voksenaasen.no\/english\/","logo":{"@type":"ImageObject","inLanguage":"en-US","@id":"https:\/\/voksenaasen.no\/english\/#\/schema\/logo\/image\/","url":"https:\/\/voksenaasen.no\/english\/wp-content\/uploads\/sites\/5\/2019\/01\/Voksenaasen_liggende_Fjord_RGB.png","contentUrl":"https:\/\/voksenaasen.no\/english\/wp-content\/uploads\/sites\/5\/2019\/01\/Voksenaasen_liggende_Fjord_RGB.png","width":510,"height":75,"caption":"Voksen\u00e5sen AS"},"image":{"@id":"https:\/\/voksenaasen.no\/english\/#\/schema\/logo\/image\/"}}]}},"_links":{"self":[{"href":"https:\/\/voksenaasen.no\/english\/wp-json\/wp\/v2\/pages\/48","targetHints":{"allow":["GET"]}}],"collection":[{"href":"https:\/\/voksenaasen.no\/english\/wp-json\/wp\/v2\/pages"}],"about":[{"href":"https:\/\/voksenaasen.no\/english\/wp-json\/wp\/v2\/types\/page"}],"author":[{"embeddable":true,"href":"https:\/\/voksenaasen.no\/english\/wp-json\/wp\/v2\/users\/1"}],"replies":[{"embeddable":true,"href":"https:\/\/voksenaasen.no\/english\/wp-json\/wp\/v2\/comments?post=48"}],"version-history":[{"count":127,"href":"https:\/\/voksenaasen.no\/english\/wp-json\/wp\/v2\/pages\/48\/revisions"}],"predecessor-version":[{"id":3621,"href":"https:\/\/voksenaasen.no\/english\/wp-json\/wp\/v2\/pages\/48\/revisions\/3621"}],"wp:featuredmedia":[{"embeddable":true,"href":"https:\/\/voksenaasen.no\/english\/wp-json\/wp\/v2\/media\/3798"}],"wp:attachment":[{"href":"https:\/\/voksenaasen.no\/english\/wp-json\/wp\/v2\/media?parent=48"}],"curies":[{"name":"wp","href":"https:\/\/api.w.org\/{rel}","templated":true}]}}